{"id":725,"date":"2026-01-14T11:49:19","date_gmt":"2026-01-14T09:49:19","guid":{"rendered":"https:\/\/www.downmures.ro\/?page_id=725"},"modified":"2026-01-14T11:49:19","modified_gmt":"2026-01-14T09:49:19","slug":"formular-230","status":"publish","type":"page","link":"https:\/\/www.downmures.ro\/en\/formular-230\/","title":{"rendered":"Formular 230"},"content":{"rendered":"\n<p>Ap\u0103s\u00e2nd butonul de mai jos poti completa formularul \u0219i online.<\/p>\n\n\n\n<button class=\"f230ro-lansare btn btn-primary\">Redirec\u021bioneaz\u0103 3,5% din impozitul pe salariu.<\/button>\n<script src=\"https:\/\/formular230.ro\/share\/3e73daf1542\"><\/script>\n\n\n\n<p><mark style=\"background-color:rgba(0, 0, 0, 0)\" class=\"has-inline-color has-luminous-vivid-orange-color\">Termen de depunere 25 mai 2026.<\/mark><\/p>\n\n\n\n<p>Poti desc\u0103rca formularul aici in caz ca vrei s\u0103 completezi manual. \u00cen acest caz asigura-te c\u0103 ajunge la noi \u00eenainte de termenul de depunere iar echipa organiza\u021biei se va ocupa s\u0103 depun\u0103 formularul la ANAF.<\/p>\n\n\n\n<div data-wp-interactive=\"core\/file\" class=\"wp-block-file\"><object data-wp-bind--hidden=\"!state.hasPdfPreview\" hidden class=\"wp-block-file__embed\" data=\"https:\/\/www.downmures.ro\/wp-content\/uploads\/2026\/01\/Formular-230-DownMures-2026.pdf\" type=\"application\/pdf\" style=\"width:100%;height:600px\" aria-label=\"Embed of Formular 230 - DownMures - 2026.\"><\/object><a id=\"wp-block-file--media-1bbf30e7-61a7-46f7-8745-3a1a8b91bc29\" href=\"https:\/\/www.downmures.ro\/wp-content\/uploads\/2026\/01\/Formular-230-DownMures-2026.pdf\">Formular 230 &#8211; DownMures &#8211; 2026<\/a><a href=\"https:\/\/www.downmures.ro\/wp-content\/uploads\/2026\/01\/Formular-230-DownMures-2026.pdf\" class=\"wp-block-file__button wp-element-button\" download aria-describedby=\"wp-block-file--media-1bbf30e7-61a7-46f7-8745-3a1a8b91bc29\">Download<\/a><\/div>\n","protected":false},"excerpt":{"rendered":"<p>Ap\u0103s\u00e2nd butonul de mai jos poti completa formularul \u0219i online. Redirec\u021bioneaz\u0103 3,5% din impozitul pe salariu. Termen de depunere 25 mai 2026. Poti desc\u0103rca formularul aici in caz ca vrei s\u0103 completezi manual. \u00cen acest caz asigura-te c\u0103 ajunge la noi \u00eenainte de termenul de depunere iar echipa organiza\u021biei se va ocupa s\u0103 depun\u0103 formularul&#8230;  <a class=\"excerpt-read-more\" href=\"https:\/\/www.downmures.ro\/en\/formular-230\/\" title=\"ReadFormular 230\">Read more &raquo;<\/a><\/p>\n","protected":false},"author":1,"featured_media":0,"parent":0,"menu_order":0,"comment_status":"closed","ping_status":"closed","template":"","meta":{"footnotes":""},"class_list":["post-725","page","type-page","status-publish","hentry"],"_links":{"self":[{"href":"https:\/\/www.downmures.ro\/en\/wp-json\/wp\/v2\/pages\/725","targetHints":{"allow":["GET"]}}],"collection":[{"href":"https:\/\/www.downmures.ro\/en\/wp-json\/wp\/v2\/pages"}],"about":[{"href":"https:\/\/www.downmures.ro\/en\/wp-json\/wp\/v2\/types\/page"}],"author":[{"embeddable":true,"href":"https:\/\/www.downmures.ro\/en\/wp-json\/wp\/v2\/users\/1"}],"replies":[{"embeddable":true,"href":"https:\/\/www.downmures.ro\/en\/wp-json\/wp\/v2\/comments?post=725"}],"version-history":[{"count":5,"href":"https:\/\/www.downmures.ro\/en\/wp-json\/wp\/v2\/pages\/725\/revisions"}],"predecessor-version":[{"id":731,"href":"https:\/\/www.downmures.ro\/en\/wp-json\/wp\/v2\/pages\/725\/revisions\/731"}],"wp:attachment":[{"href":"https:\/\/www.downmures.ro\/en\/wp-json\/wp\/v2\/media?parent=725"}],"curies":[{"name":"wp","href":"https:\/\/api.w.org\/{rel}","templated":true}]}}